{"id":3499,"date":"2020-07-03T00:46:26","date_gmt":"2020-07-02T22:46:26","guid":{"rendered":"https:\/\/villaalma.se\/restaurang\/"},"modified":"2026-04-14T00:31:47","modified_gmt":"2026-04-13T22:31:47","slug":"restaurant","status":"publish","type":"page","link":"https:\/\/villaalma.se\/en\/restaurant\/","title":{"rendered":"Restaurant"},"content":{"rendered":"<div id='full_slider_1'  class='avia-fullwidth-slider main_color avia-shadow   avia-builder-el-0  el_before_av_section  avia-builder-el-first   container_wrap fullsize'  ><div  class='avia-slideshow av-l5m9rtom-d547453da8ff3a67872598ab752bace7 avia-slideshow-no scaling av_slideshow_full avia-slide-slider av-slideshow-ui av-control-default av-slideshow-manual av-loop-once av-loop-manual-endless av-default-height-applied   avia-slideshow-1' data-slideshow-options=\"{&quot;animation&quot;:&quot;slide&quot;,&quot;autoplay&quot;:false,&quot;loop_autoplay&quot;:&quot;once&quot;,&quot;interval&quot;:5,&quot;loop_manual&quot;:&quot;manual-endless&quot;,&quot;autoplay_stopper&quot;:false,&quot;noNavigation&quot;:false,&quot;bg_slider&quot;:false,&quot;keep_padding&quot;:false,&quot;hoverpause&quot;:false,&quot;show_slide_delay&quot;:0}\"  itemprop=\"image\" itemscope=\"itemscope\" itemtype=\"https:\/\/schema.org\/ImageObject\" ><ul class='avia-slideshow-inner ' style='padding-bottom: 56.25%;'><li  class='avia-slideshow-slide av-l5m9rtom-d547453da8ff3a67872598ab752bace7__0  av-single-slide slide-1 slide-odd'><div data-rel='slideshow-1' class='avia-slide-wrap '   ><img decoding=\"async\" fetchpriority=\"high\" class=\"wp-image-2790 avia-img-lazy-loading-not-2790\"  src=\"https:\/\/villaalma.se\/wp-content\/uploads\/2022\/07\/hero-restaurang2022.jpg\" width=\"1920\" height=\"1080\" title='hero-restaurang2022' alt=''  itemprop=\"thumbnailUrl\" srcset=\"https:\/\/villaalma.se\/wp-content\/uploads\/2022\/07\/hero-restaurang2022.jpg 1920w, https:\/\/villaalma.se\/wp-content\/uploads\/2022\/07\/hero-restaurang2022-300x169.jpg 300w, https:\/\/villaalma.se\/wp-content\/uploads\/2022\/07\/hero-restaurang2022-1030x579.jpg 1030w, https:\/\/villaalma.se\/wp-content\/uploads\/2022\/07\/hero-restaurang2022-768x432.jpg 768w, https:\/\/villaalma.se\/wp-content\/uploads\/2022\/07\/hero-restaurang2022-1536x864.jpg 1536w, https:\/\/villaalma.se\/wp-content\/uploads\/2022\/07\/hero-restaurang2022-1500x844.jpg 1500w, https:\/\/villaalma.se\/wp-content\/uploads\/2022\/07\/hero-restaurang2022-705x397.jpg 705w\" sizes=\"(max-width: 1920px) 100vw, 1920px\" \/><\/div><\/li><\/ul><\/div><\/div>\n\n<style type=\"text\/css\" data-created_by=\"avia_inline_auto\" id=\"style-css-av-2nclqf-70a7128d97072e8fdd5290c12d5f512c\">\n.avia-section.av-2nclqf-70a7128d97072e8fdd5290c12d5f512c .av-parallax .av-parallax-inner{\nbackground-repeat:no-repeat;\nbackground-image:url(https:\/\/villaalma.se\/wp-content\/uploads\/2019\/12\/bg_section_monster-scaled.jpg);\nbackground-position:0% 0%;\nbackground-attachment:scroll;\n}\n<\/style>\n<div id='av_section_1'  class='avia-section av-2nclqf-70a7128d97072e8fdd5290c12d5f512c main_color avia-section-default avia-no-border-styling  avia-builder-el-1  el_after_av_slideshow_full  el_before_av_section  avia-full-stretch av-parallax-section avia-bg-style-parallax container_wrap fullsize'  data-section-bg-repeat='stretch'><div class='av-parallax' data-avia-parallax-ratio='0.3' ><div class='av-parallax-inner main_color avia-full-stretch'><\/div><\/div><div class='container av-section-cont-open' ><div class='template-page content  av-content-full alpha units'><div class='post-entry post-entry-type-page post-entry-3499'><div class='entry-content-wrapper clearfix'>\n\n<style type=\"text\/css\" data-created_by=\"avia_inline_auto\" id=\"style-css-av-k44pwxys-b559d5347beea6e9f8c4cd983da0123f\">\n.flex_column.av-k44pwxys-b559d5347beea6e9f8c4cd983da0123f{\nborder-radius:0px 0px 0px 0px;\npadding:0px 0px 0px 0px;\n}\n<\/style>\n<div  class='flex_column av-k44pwxys-b559d5347beea6e9f8c4cd983da0123f av_one_half  avia-builder-el-2  el_before_av_one_half  avia-builder-el-first  first flex_column_div av-animated-generic left-to-right av-zero-column-padding  '     ><p>\n<style type=\"text\/css\" data-created_by=\"avia_inline_auto\" id=\"style-css-av-k44pycq1-402ba3d2f9e5356401c216b8553e5307\">\n.avia-image-container.av-k44pycq1-402ba3d2f9e5356401c216b8553e5307 img.avia_image{\nbox-shadow:none;\n}\n.avia-image-container.av-k44pycq1-402ba3d2f9e5356401c216b8553e5307 .av-image-caption-overlay-center{\ncolor:#ffffff;\n}\n<\/style>\n<div  class='avia-image-container av-k44pycq1-402ba3d2f9e5356401c216b8553e5307 av-styling- avia-align-center  avia-builder-el-3  el_before_av_heading  avia-builder-el-first '   itemprop=\"image\" itemscope=\"itemscope\" itemtype=\"https:\/\/schema.org\/ImageObject\" ><div class=\"avia-image-container-inner\"><div class=\"avia-image-overlay-wrap\"><img decoding=\"async\" fetchpriority=\"high\" class='wp-image-2920 avia-img-lazy-loading-not-2920 avia_image ' src=\"https:\/\/villaalma.se\/wp-content\/uploads\/2023\/02\/IMG_9153.jpeg\" alt='' title='IMG_9153'  height=\"2048\" width=\"1536\"  itemprop=\"thumbnailUrl\" srcset=\"https:\/\/villaalma.se\/wp-content\/uploads\/2023\/02\/IMG_9153.jpeg 1536w, https:\/\/villaalma.se\/wp-content\/uploads\/2023\/02\/IMG_9153-225x300.jpeg 225w, https:\/\/villaalma.se\/wp-content\/uploads\/2023\/02\/IMG_9153-773x1030.jpeg 773w, https:\/\/villaalma.se\/wp-content\/uploads\/2023\/02\/IMG_9153-768x1024.jpeg 768w, https:\/\/villaalma.se\/wp-content\/uploads\/2023\/02\/IMG_9153-1152x1536.jpeg 1152w, https:\/\/villaalma.se\/wp-content\/uploads\/2023\/02\/IMG_9153-1125x1500.jpeg 1125w, https:\/\/villaalma.se\/wp-content\/uploads\/2023\/02\/IMG_9153-529x705.jpeg 529w\" sizes=\"(max-width: 1536px) 100vw, 1536px\" \/><\/div><\/div><\/div><br \/>\n\n<style type=\"text\/css\" data-created_by=\"avia_inline_auto\" id=\"style-css-av-3zu58n-3c46b9355c6c5972fb2f3dd0b7aea884\">\n#top .av-special-heading.av-3zu58n-3c46b9355c6c5972fb2f3dd0b7aea884{\npadding-bottom:10px;\n}\nbody .av-special-heading.av-3zu58n-3c46b9355c6c5972fb2f3dd0b7aea884 .av-special-heading-tag .heading-char{\nfont-size:25px;\n}\n.av-special-heading.av-3zu58n-3c46b9355c6c5972fb2f3dd0b7aea884 .av-subheading{\nfont-size:15px;\n}\n<\/style>\n<div  class='av-special-heading av-3zu58n-3c46b9355c6c5972fb2f3dd0b7aea884 av-special-heading-h3  avia-builder-el-4  el_after_av_image  el_before_av_textblock  av-linked-heading'><h3 class='av-special-heading-tag '  itemprop=\"headline\"  >Breakfast at Villa Alma<\/h3><div class=\"special-heading-border\"><div class=\"special-heading-inner-border\"><\/div><\/div><\/div><br \/>\n<section  class='av_textblock_section av-k44q28ym-45fae309c6876e2db6e7d5480b3d58aa '   itemscope=\"itemscope\" itemtype=\"https:\/\/schema.org\/CreativeWork\" ><div class='avia_textblock'  itemprop=\"text\" ><p>The already much-talked-about breakfast at Villa Alma is included for all hotel guests and can also be booked by those not staying at the hotel. Our breakfast offers a carefully selected assortment, and we prepare most of it in our own kitchen. Here, we aim to give you the best start to your day.<\/p>\n<\/div><\/section><br \/>\n<div  class='avia-buttonrow-wrap av-fyvnb-db512004d6bdbccb672a27fd62f54461 avia-buttonrow-left  avia-builder-el-6  el_after_av_textblock  avia-builder-el-last '>\n\n<style type=\"text\/css\" data-created_by=\"avia_inline_auto\" id=\"style-css-av-2gz1uf-efa59837bb7577b28e8f0d1a4d681f3b\">\n#top #wrap_all .avia-button.av-2gz1uf-efa59837bb7577b28e8f0d1a4d681f3b{\nmargin-bottom:5px;\nmargin-right:5px;\n}\n<\/style>\n<a href='https:\/\/villaalma.se\/en\/restaurant\/breakfast-at-villa-alma\/'  class='avia-button av-2gz1uf-efa59837bb7577b28e8f0d1a4d681f3b avia-icon_select-yes-right-icon avia-size-medium av-icon-on-hover avia-color-dark'   aria-label=\"Read more and book\"><span class='avia_iconbox_title' >Read more and book<\/span><span class='avia_button_icon avia_button_icon_right' aria-hidden='true' data-av_icon='\ue87d' data-av_iconfont='entypo-fontello'><\/span><\/a>\n<\/div><\/p><\/div>\n<style type=\"text\/css\" data-created_by=\"avia_inline_auto\" id=\"style-css-av-6u1exz-0d6a32dc969989a0c7b16fb21e02576e\">\n.flex_column.av-6u1exz-0d6a32dc969989a0c7b16fb21e02576e{\nborder-radius:0px 0px 0px 0px;\npadding:0px 0px 0px 0px;\n}\n<\/style>\n<div  class='flex_column av-6u1exz-0d6a32dc969989a0c7b16fb21e02576e av_one_half  avia-builder-el-7  el_after_av_one_half  avia-builder-el-last  flex_column_div av-animated-generic right-to-left av-zero-column-padding  '     ><p>\n<style type=\"text\/css\" data-created_by=\"avia_inline_auto\" id=\"style-css-av-5mp9tj-c1ea5e99e78f715aaa4b109ff6ea0c3f\">\n.avia-image-container.av-5mp9tj-c1ea5e99e78f715aaa4b109ff6ea0c3f img.avia_image{\nbox-shadow:none;\n}\n.avia-image-container.av-5mp9tj-c1ea5e99e78f715aaa4b109ff6ea0c3f .av-image-caption-overlay-center{\ncolor:#ffffff;\n}\n<\/style>\n<div  class='avia-image-container av-5mp9tj-c1ea5e99e78f715aaa4b109ff6ea0c3f av-styling- avia-align-center  avia-builder-el-8  el_before_av_heading  avia-builder-el-first '   itemprop=\"image\" itemscope=\"itemscope\" itemtype=\"https:\/\/schema.org\/ImageObject\" ><div class=\"avia-image-container-inner\"><div class=\"avia-image-overlay-wrap\"><img decoding=\"async\" fetchpriority=\"high\" class='wp-image-2924 avia-img-lazy-loading-not-2924 avia_image ' src=\"https:\/\/villaalma.se\/wp-content\/uploads\/2023\/02\/IMG_8168.jpeg\" alt='' title='Chark, Charktallrik'  height=\"2048\" width=\"1536\"  itemprop=\"thumbnailUrl\" srcset=\"https:\/\/villaalma.se\/wp-content\/uploads\/2023\/02\/IMG_8168.jpeg 1536w, https:\/\/villaalma.se\/wp-content\/uploads\/2023\/02\/IMG_8168-225x300.jpeg 225w, https:\/\/villaalma.se\/wp-content\/uploads\/2023\/02\/IMG_8168-773x1030.jpeg 773w, https:\/\/villaalma.se\/wp-content\/uploads\/2023\/02\/IMG_8168-768x1024.jpeg 768w, https:\/\/villaalma.se\/wp-content\/uploads\/2023\/02\/IMG_8168-1152x1536.jpeg 1152w, https:\/\/villaalma.se\/wp-content\/uploads\/2023\/02\/IMG_8168-1125x1500.jpeg 1125w, https:\/\/villaalma.se\/wp-content\/uploads\/2023\/02\/IMG_8168-529x705.jpeg 529w\" sizes=\"(max-width: 1536px) 100vw, 1536px\" \/><\/div><\/div><\/div><br \/>\n\n<style type=\"text\/css\" data-created_by=\"avia_inline_auto\" id=\"style-css-av-4aivjr-d6073e2b62553233fb61dcaea828395d\">\n#top .av-special-heading.av-4aivjr-d6073e2b62553233fb61dcaea828395d{\npadding-bottom:10px;\n}\nbody .av-special-heading.av-4aivjr-d6073e2b62553233fb61dcaea828395d .av-special-heading-tag .heading-char{\nfont-size:25px;\n}\n.av-special-heading.av-4aivjr-d6073e2b62553233fb61dcaea828395d .av-subheading{\nfont-size:15px;\n}\n<\/style>\n<div  class='av-special-heading av-4aivjr-d6073e2b62553233fb61dcaea828395d av-special-heading-h3  avia-builder-el-9  el_after_av_image  el_before_av_textblock  av-linked-heading'><h3 class='av-special-heading-tag '  itemprop=\"headline\"  >Restaurant Alma\u2019s<\/h3><div class=\"special-heading-border\"><div class=\"special-heading-inner-border\"><\/div><\/div><\/div><br \/>\n<section  class='av_textblock_section av-3aqq3b-747758edc042b06f704b0e479681feab '   itemscope=\"itemscope\" itemtype=\"https:\/\/schema.org\/CreativeWork\" ><div class='avia_textblock'  itemprop=\"text\" ><p class=\"p1\">Villa Alma\u2019s popular restaurant, Alma\u2019s, is a must-visit if you\u2019re on Gotland! Here, dishes inspired by all of Asia are served \u2014 some classics from previous years as well as many new additions. The food is enjoyed in our beautiful settings, both indoors and outdoors, accompanied by refreshing drinks and a carefully curated beverage list by our sommelier. Restaurant Alma\u2019s opens on May 13. Welcome!<\/p>\n<\/div><\/section><br \/>\n<div  class='avia-buttonrow-wrap av-3vmtpj-2dd6b37a176e98863a8cbaa419bb093c avia-buttonrow-left  avia-builder-el-11  el_after_av_textblock  avia-builder-el-last '>\n\n<style type=\"text\/css\" data-created_by=\"avia_inline_auto\" id=\"style-css-av-24q5xj-0b68d90d26630cfcd1ac4005e5e2cb7e\">\n#top #wrap_all .avia-button.av-24q5xj-0b68d90d26630cfcd1ac4005e5e2cb7e{\nmargin-bottom:5px;\nmargin-right:5px;\n}\n<\/style>\n<a href='https:\/\/villaalma.se\/en\/restaurant\/restaurant-almas\/'  class='avia-button av-24q5xj-0b68d90d26630cfcd1ac4005e5e2cb7e avia-icon_select-yes-right-icon avia-size-medium av-icon-on-hover avia-color-dark'   aria-label=\"Read more and book\"><span class='avia_iconbox_title' >Read more and book<\/span><span class='avia_button_icon avia_button_icon_right' aria-hidden='true' data-av_icon='\ue87d' data-av_iconfont='entypo-fontello'><\/span><\/a>\n<\/div><\/p><\/div><\/div><\/div><\/div><!-- close content main div --><\/div><\/div><div id='av_section_2'  class='avia-section av-19mr6-99b902b235247be3499b3d53fffce5d6 main_color avia-section-default avia-no-border-styling  avia-builder-el-12  el_after_av_section  avia-builder-el-last  avia-bg-style-scroll container_wrap fullsize'  ><div class='container av-section-cont-open' ><div class='template-page content  av-content-full alpha units'><div class='post-entry post-entry-type-page post-entry-3499'><div class='entry-content-wrapper clearfix'>\n\n<style type=\"text\/css\" data-created_by=\"avia_inline_auto\" id=\"style-css-av-k42vq1n0-e3860980a48e720ea919b4ad5d64de39\">\n.flex_column.av-k42vq1n0-e3860980a48e720ea919b4ad5d64de39{\nborder-radius:0px 0px 0px 0px;\npadding:0px 0px 0px 0px;\n}\n<\/style>\n<div  class='flex_column av-k42vq1n0-e3860980a48e720ea919b4ad5d64de39 av_one_fifth  avia-builder-el-13  el_before_av_two_third  avia-builder-el-first  first flex_column_div av-animated-generic pop-up av-zero-column-padding  '     ><\/div>\n<style type=\"text\/css\" data-created_by=\"avia_inline_auto\" id=\"style-css-av-k42vq1n0-1-9883567eb775f806ea6e03a220502499\">\n.flex_column.av-k42vq1n0-1-9883567eb775f806ea6e03a220502499{\nborder-radius:0px 0px 0px 0px;\npadding:0px 0px 0px 0px;\n}\n<\/style>\n<div  class='flex_column av-k42vq1n0-1-9883567eb775f806ea6e03a220502499 av_two_third  avia-builder-el-14  el_after_av_one_fifth  avia-builder-el-last  flex_column_div av-animated-generic pop-up av-zero-column-padding  '     ><div  class='avia-testimonial-wrapper av-k42ve3gh-7bfadbd0a6d3bfb9fb43c834d1a2ed73 avia-slider-testimonials avia-slider-2-testimonials avia_animate_when_almost_visible av-slideshow-ui av-control-default av-no-slider-navigation av-slider-hover-pause av-slideshow-autoplay av-loop-endless av-loop-manual-endless' data-slideshow-options=\"{&quot;animation&quot;:&quot;fade&quot;,&quot;autoplay&quot;:true,&quot;loop_autoplay&quot;:&quot;endless&quot;,&quot;interval&quot;:8,&quot;loop_manual&quot;:&quot;manual-endless&quot;,&quot;autoplay_stopper&quot;:false,&quot;noNavigation&quot;:false,&quot;bg_slider&quot;:false,&quot;keep_padding&quot;:&quot;&quot;,&quot;hoverpause&quot;:true,&quot;show_slide_delay&quot;:0}\">\n<section class=\"avia-testimonial-row\"><div class='avia-testimonial av-40g7zr-63fc3839730102c712ddac402a65616b avia-testimonial-row-1 avia-first-testimonial flex_column no_margin av_one_half'><div class='avia-testimonial_inner'  itemscope=\"itemscope\" itemtype=\"https:\/\/schema.org\/CreativeWork\" ><div class='avia-testimonial-content '><div class='avia-testimonial-markup-entry-content'  itemprop=\"text\" ><p>&#8220;Fantastic service where we got the best possible room, so well arranged by the staff. One of the best hotel breakfasts we&#8217;ve ever had, with everything homemade, fresh, and delicious!<\/p>\n<p>Great restaurant with delightful Asian dishes and a cozy outdoor area where you could have a drink before or after dinner. Overall, a really, really pleasant experience, well worth the price :)&#8221;<\/p>\n<\/div><\/div><div class=\"avia-testimonial-meta\"><div class=\"avia-testimonial-arrow-wrap\"><div class=\"avia-arrow\"><\/div><\/div><div class='avia-testimonial-meta-mini'  itemprop=\"author\" itemscope=\"itemscope\" itemtype=\"https:\/\/schema.org\/Person\" ><strong  class='avia-testimonial-name'  itemprop=\"name\" >Erik <\/strong><span class='hidden avia-testimonial-markup-link'  itemprop=\"url\" >https:\/\/www.tripadvisor.se\/Hotel_Review-g202560-d3172184-Reviews-Villa_Alma-Visby_Gotland.html#REVIEWS<\/span><a class='avia-testimonial-link' href='https:\/\/www.tripadvisor.se\/Hotel_Review-g202560-d3172184-Reviews-Villa_Alma-Visby_Gotland.html#REVIEWS' target=\"_blank\" rel=\"noopener noreferrer\">Tripadvisor.com<\/a><\/div><\/div><\/div><\/div>\n<div class='avia-testimonial av-2eytjb-88039ef040cb59479c5c78078bbd4e00 avia-testimonial-row-1 flex_column no_margin av_one_half'><div class='avia-testimonial_inner'  itemscope=\"itemscope\" itemtype=\"https:\/\/schema.org\/CreativeWork\" ><div class='avia-testimonial-content '><div class='avia-testimonial-markup-entry-content'  itemprop=\"text\" ><p>&#8220;From the promenade, you open the white door and step into this magical and personal boutique hotel. The feeling is one of harmony, care, and &#8216;you&#8217;ll never want to check out.&#8217; Outside on the patio, you are surrounded by a unique environment with a view of the sea.<\/p>\n<p>Enjoy a brunch with well-crafted drinks or dinner with small plates. And yes, you&#8217;ll want to order all the dishes. Whether you choose to stay or just dine, you won&#8217;t be disappointed &#8211; extend your stay and enjoy, you&#8217;ll thank me later.&#8221;<\/p>\n<\/div><\/div><div class=\"avia-testimonial-meta\"><div class=\"avia-testimonial-arrow-wrap\"><div class=\"avia-arrow\"><\/div><\/div><div class='avia-testimonial-meta-mini'  itemprop=\"author\" itemscope=\"itemscope\" itemtype=\"https:\/\/schema.org\/Person\" ><strong  class='avia-testimonial-name'  itemprop=\"name\" >Sofie<\/strong><\/div><\/div><\/div><\/div>\n<\/section><div class='avia-slideshow-arrows avia-slideshow-controls' ><a href='#prev' class='prev-slide ' aria-hidden='true' data-av_icon='\ue87c' data-av_iconfont='entypo-fontello'  tabindex='-1'>Previous<\/a><a href='#next' class='next-slide ' aria-hidden='true' data-av_icon='\ue87d' data-av_iconfont='entypo-fontello'  tabindex='-1'>Next<\/a><\/div><\/div><\/div>\n<\/p>\n","protected":false},"excerpt":{"rendered":"","protected":false},"author":1,"featured_media":0,"parent":0,"menu_order":35,"comment_status":"closed","ping_status":"closed","template":"","meta":{"footnotes":""},"class_list":["post-3499","page","type-page","status-publish","hentry"],"yoast_head":"<!-- This site is optimized with the Yoast SEO plugin v27.3 - https:\/\/yoast.com\/product\/yoast-seo-wordpress\/ -->\n<title>Restaurant - Villa Alma<\/title>\n<meta name=\"description\" content=\"Villa Alma, med sitt fantastiska l\u00e4ge \u00e4r som gjort f\u00f6r mysiga frukostar, lunch i parken och middag och drinkar p\u00e5 Almas terrass.\" \/>\n<meta name=\"robots\" content=\"index, follow, max-snippet:-1, max-image-preview:large, max-video-preview:-1\" \/>\n<link rel=\"canonical\" href=\"https:\/\/villaalma.se\/en\/restaurant\/\" \/>\n<meta property=\"og:locale\" content=\"en_US\" \/>\n<meta property=\"og:type\" content=\"article\" \/>\n<meta property=\"og:title\" content=\"Restaurang - Villa Alma\" \/>\n<meta property=\"og:description\" content=\"Villa Alma, med sitt fantastiska l\u00e4ge \u00e4r som gjort f\u00f6r mysiga frukostar, lunch i parken och middag och drinkar p\u00e5 Almas terrass.\" \/>\n<meta property=\"og:url\" content=\"https:\/\/villaalma.se\/en\/restaurant\/\" \/>\n<meta property=\"og:site_name\" content=\"Villa Alma\" \/>\n<meta property=\"article:modified_time\" content=\"2026-04-13T22:31:47+00:00\" \/>\n<meta property=\"og:image\" content=\"https:\/\/villaalma.se\/wp-content\/uploads\/2020\/07\/hero_restaurang01.jpg\" \/>\n\t<meta property=\"og:image:width\" content=\"1699\" \/>\n\t<meta property=\"og:image:height\" content=\"1050\" \/>\n\t<meta property=\"og:image:type\" content=\"image\/jpeg\" \/>\n<meta name=\"twitter:card\" content=\"summary_large_image\" \/>\n<meta name=\"twitter:label1\" content=\"Est. reading time\" \/>\n\t<meta name=\"twitter:data1\" content=\"3 minutes\" \/>\n<script type=\"application\/ld+json\" class=\"yoast-schema-graph\">{\"@context\":\"https:\\\/\\\/schema.org\",\"@graph\":[{\"@type\":\"WebPage\",\"@id\":\"https:\\\/\\\/villaalma.se\\\/en\\\/restaurant\\\/\",\"url\":\"https:\\\/\\\/villaalma.se\\\/en\\\/restaurant\\\/\",\"name\":\"Restaurant - Villa Alma\",\"isPartOf\":{\"@id\":\"https:\\\/\\\/villaalma.se\\\/#website\"},\"datePublished\":\"2020-07-02T22:46:26+00:00\",\"dateModified\":\"2026-04-13T22:31:47+00:00\",\"description\":\"Villa Alma, med sitt fantastiska l\u00e4ge \u00e4r som gjort f\u00f6r mysiga frukostar, lunch i parken och middag och drinkar p\u00e5 Almas terrass.\",\"breadcrumb\":{\"@id\":\"https:\\\/\\\/villaalma.se\\\/en\\\/restaurant\\\/#breadcrumb\"},\"inLanguage\":\"en-US\",\"potentialAction\":[{\"@type\":\"ReadAction\",\"target\":[\"https:\\\/\\\/villaalma.se\\\/en\\\/restaurant\\\/\"]}]},{\"@type\":\"BreadcrumbList\",\"@id\":\"https:\\\/\\\/villaalma.se\\\/en\\\/restaurant\\\/#breadcrumb\",\"itemListElement\":[{\"@type\":\"ListItem\",\"position\":1,\"name\":\"Hem\",\"item\":\"https:\\\/\\\/villaalma.se\\\/en\\\/\"},{\"@type\":\"ListItem\",\"position\":2,\"name\":\"Restaurant\"}]},{\"@type\":\"WebSite\",\"@id\":\"https:\\\/\\\/villaalma.se\\\/#website\",\"url\":\"https:\\\/\\\/villaalma.se\\\/\",\"name\":\"Villa Alma\",\"description\":\"Hotell med Visbys b\u00e4sta l\u00e4ge!\",\"potentialAction\":[{\"@type\":\"SearchAction\",\"target\":{\"@type\":\"EntryPoint\",\"urlTemplate\":\"https:\\\/\\\/villaalma.se\\\/?s={search_term_string}\"},\"query-input\":{\"@type\":\"PropertyValueSpecification\",\"valueRequired\":true,\"valueName\":\"search_term_string\"}}],\"inLanguage\":\"en-US\"}]}<\/script>\n<!-- \/ Yoast SEO plugin. -->","yoast_head_json":{"title":"Restaurant - Villa Alma","description":"Villa Alma, med sitt fantastiska l\u00e4ge \u00e4r som gjort f\u00f6r mysiga frukostar, lunch i parken och middag och drinkar p\u00e5 Almas terrass.","robots":{"index":"index","follow":"follow","max-snippet":"max-snippet:-1","max-image-preview":"max-image-preview:large","max-video-preview":"max-video-preview:-1"},"canonical":"https:\/\/villaalma.se\/en\/restaurant\/","og_locale":"en_US","og_type":"article","og_title":"Restaurang - Villa Alma","og_description":"Villa Alma, med sitt fantastiska l\u00e4ge \u00e4r som gjort f\u00f6r mysiga frukostar, lunch i parken och middag och drinkar p\u00e5 Almas terrass.","og_url":"https:\/\/villaalma.se\/en\/restaurant\/","og_site_name":"Villa Alma","article_modified_time":"2026-04-13T22:31:47+00:00","og_image":[{"width":1699,"height":1050,"url":"https:\/\/villaalma.se\/wp-content\/uploads\/2020\/07\/hero_restaurang01.jpg","type":"image\/jpeg"}],"twitter_card":"summary_large_image","twitter_misc":{"Est. reading time":"3 minutes"},"schema":{"@context":"https:\/\/schema.org","@graph":[{"@type":"WebPage","@id":"https:\/\/villaalma.se\/en\/restaurant\/","url":"https:\/\/villaalma.se\/en\/restaurant\/","name":"Restaurant - Villa Alma","isPartOf":{"@id":"https:\/\/villaalma.se\/#website"},"datePublished":"2020-07-02T22:46:26+00:00","dateModified":"2026-04-13T22:31:47+00:00","description":"Villa Alma, med sitt fantastiska l\u00e4ge \u00e4r som gjort f\u00f6r mysiga frukostar, lunch i parken och middag och drinkar p\u00e5 Almas terrass.","breadcrumb":{"@id":"https:\/\/villaalma.se\/en\/restaurant\/#breadcrumb"},"inLanguage":"en-US","potentialAction":[{"@type":"ReadAction","target":["https:\/\/villaalma.se\/en\/restaurant\/"]}]},{"@type":"BreadcrumbList","@id":"https:\/\/villaalma.se\/en\/restaurant\/#breadcrumb","itemListElement":[{"@type":"ListItem","position":1,"name":"Hem","item":"https:\/\/villaalma.se\/en\/"},{"@type":"ListItem","position":2,"name":"Restaurant"}]},{"@type":"WebSite","@id":"https:\/\/villaalma.se\/#website","url":"https:\/\/villaalma.se\/","name":"Villa Alma","description":"Hotell med Visbys b\u00e4sta l\u00e4ge!","potentialAction":[{"@type":"SearchAction","target":{"@type":"EntryPoint","urlTemplate":"https:\/\/villaalma.se\/?s={search_term_string}"},"query-input":{"@type":"PropertyValueSpecification","valueRequired":true,"valueName":"search_term_string"}}],"inLanguage":"en-US"}]}},"_links":{"self":[{"href":"https:\/\/villaalma.se\/en\/wp-json\/wp\/v2\/pages\/3499","targetHints":{"allow":["GET"]}}],"collection":[{"href":"https:\/\/villaalma.se\/en\/wp-json\/wp\/v2\/pages"}],"about":[{"href":"https:\/\/villaalma.se\/en\/wp-json\/wp\/v2\/types\/page"}],"author":[{"embeddable":true,"href":"https:\/\/villaalma.se\/en\/wp-json\/wp\/v2\/users\/1"}],"replies":[{"embeddable":true,"href":"https:\/\/villaalma.se\/en\/wp-json\/wp\/v2\/comments?post=3499"}],"version-history":[{"count":10,"href":"https:\/\/villaalma.se\/en\/wp-json\/wp\/v2\/pages\/3499\/revisions"}],"predecessor-version":[{"id":3963,"href":"https:\/\/villaalma.se\/en\/wp-json\/wp\/v2\/pages\/3499\/revisions\/3963"}],"wp:attachment":[{"href":"https:\/\/villaalma.se\/en\/wp-json\/wp\/v2\/media?parent=3499"}],"curies":[{"name":"wp","href":"https:\/\/api.w.org\/{rel}","templated":true}]}}